{"id":62,"date":"2017-08-15T22:42:51","date_gmt":"2017-08-15T20:42:51","guid":{"rendered":"http:\/\/silawielkichpolakow.pl\/?page_id=62"},"modified":"2017-10-05T12:11:06","modified_gmt":"2017-10-05T10:11:06","slug":"o-projekcie","status":"publish","type":"page","link":"https:\/\/silawielkichpolakow.pl\/index.php\/o-projekcie\/","title":{"rendered":"O projekcie"},"content":{"rendered":"<p>[vc_row full_width=&#8221;stretch_row_content_no_spaces&#8221;][vc_column][vc_single_image image=&#8221;176&#8243; img_size=&#8221;full&#8221; alignment=&#8221;center&#8221;][\/vc_column][\/vc_row][vc_row][vc_column][vc_column_text]<\/p>\n<h2 style=\"text-align: center;\">O PROJEKCIE<\/h2>\n<p>[\/vc_column_text][vc_column_text]Polskie tradycje s\u0105 piel\u0119gnowane &#8211; opr\u00f3cz Ameryki, Brazylii czy Ekwadoru &#8211; r\u00f3wnie\u017c w naszych 12 domach na Ukrainie, staj\u0105c si\u0119 oazami wsparcia dla miejscowej Polonii, zw\u0142aszcza pochodz\u0105cej z okolic Baru, Wo\u0142oczyska i dalekiego Izmai\u0142a, obj\u0119tego wojn\u0105 \u0141uga\u0144ska, ale i we wsp\u00f3lnotach, gdzie Siostry z Ukrainy ucz\u0105 si\u0119 j. polskiego, poznaj\u0105 nie\u0142atw\u0105 historyczn\u0105 prawd\u0119 oraz przybywaj\u0105 do Polski ze swoimi podopiecznymi, kt\u00f3rych zawsze serdecznie i nieodp\u0142atnie u siebie go\u015bcimy.<\/p>\n<p>Ten kontekst socjologiczno-historyczny jest punktem wyj\u015bcia dla naszego projektu. Jest to zatem okazja wzmocnienia wizerunku Polski i budowy marki Polska w \u015bwietle Jubileuszu 100-lecia Zgromadzenia Si\u00f3str Benedyktynek Misjonarek, od pocz\u0105tku powstania zaanga\u017cowanego w s\u0142u\u017cb\u0119 Polsce. Okazj\u0105 do szczeg\u00f3lnej ekspozycji tych za\u0142o\u017ce\u0144 b\u0119d\u0105 obchody jubileuszowe zrealizowane w ramach nast\u0119puj\u0105cych modu\u0142\u00f3w \u2013 dzia\u0142a\u0144:<\/p>\n<p>I. WIZUALIZACJA MEDIALNA \u2013 opracowanie i druk materia\u0142\u00f3w promocyjnych &#8211; promuj\u0105cych Polsk\u0119 i kultur\u0119 Polsk\u0105 w Ojczy\u017anie i poza jej granicami, w kontek\u015bcie prze\u017cywanego Jubileuszu 100-lecia Zgromadzenia. Drugim elementem dzia\u0142ania by\u0142oby opracowanie i produkcja materia\u0142\u00f3w audiowizualnych (reporta\u017c, wystawa) promuj\u0105ce Polsk\u0119 w kontek\u015bcie prze\u017cywanego Jubileuszu 100-lecia Zgromadzenia, z kt\u00f3rymi dotrzemy do r\u00f3\u017cnych \u015brodowisk w miejscach pos\u0142ugi polskich benedyktynek (Polska i Ukraina).<\/p>\n<p>II. HISTORIA PISANA BENEDYKTY\u0143SKIM PI\u00d3REM &#8211; drugim modu\u0142em na podstawie dokonanych kwerend i bada\u0144 &#8211; by\u0142aby redakcja publikacji pomagaj\u0105cych budowa\u0107 mark\u0119 Polska w kraju i poza granicami w kontek\u015bcie prze\u017cywanego Jubileuszu 100-lecia Zgromadzenia, ukazuj\u0105cych Si\u0142\u0119 Wielkich Polak\u00f3w (przybli\u017caj\u0105cym histori\u0119 Polski, dziedzictwa narodowego i dziej\u00f3w Zgromadzenia wraz z Za\u0142o\u017cycielk\u0105, a\u017c do chwili obecnej: 1. M. Za\u0142o\u017cycielka Jadwiga Kulesza; 2. Nowa ga\u0142\u0105\u017a ze starego pnia; 3. Odrodzenie Zgromadzenia Si\u00f3str Benedyktynek Misjonarek na Ukrainie) w konsultacji z s. prof. dr hab. J. Kalinowsk\u0105 OSB, s. M. Wolsk\u0105 OSB, s. E. Pia\u015bcik OSB, p. dr E. Semenowicz, we wsp\u00f3\u0142pracy z polskimi naukowcami i siostrami Zgromadzenia pochodz\u0105cymi z Polski i Ukrainy).<\/p>\n<p>Wk\u0142ad benedyktyn\u00f3w w dzieje Europy i Polski jest nieoceniony, zar\u00f3wno w wymiarze historycznym, patriotycznym, religijnym, edukacyjnym, wychowawczym czy agralnym. 1050 lat temu z dalekiego Rzymu to w\u0142a\u015bnie benedyktyni przynie\u015bli na nasze ziemie chrze\u015bcija\u0144stwo i szeroko rozumian\u0105 kultur\u0119, pomagaj\u0105c budowa\u0107 nasz kraj o czytelnej strukturze i to\u017csamo\u015bci.<\/p>\n<p>Po dziesi\u0119ciu wiekach polskie benedyktynki misjonarki pragn\u0105 t\u0119 pochodni\u0119 \u2013 kt\u00f3rej na imi\u0119 Polska \u2013 zanie\u015b\u0107 do wszystkich kraj\u00f3w, w kt\u00f3rych dzi\u015b pos\u0142uguj\u0105. Wpisuj\u0105c si\u0119 w historyczny program rz\u0105dowy pragniemy w dalekich krajach obu Ameryk i bliskiej Ukrainie opowiedzie\u0107 i przypomnie\u0107 o wielkich Polakach, kt\u00f3rzy z woli Senatu RP patronuj\u0105 w naszym jubileuszowym roku 2017, takich jak T. Ko\u015bciuszko czy W. Raczkiewicz, dr W. Biega\u0144ski czy gen. J. Haller, a tak\u017ce o duchowym wydarzeniu &#8211; jubileuszu koronacji Czarnej Madonny z Jasnej G\u00f3ry &#8211; jak\u017ce wa\u017cnym dla wiernych na ca\u0142ym \u015bwiecie.<\/p>\n<p>&nbsp;<\/p>\n<p>W \u015bwietle bada\u0144 polskich (por. PARP, KIG, MKiDN oraz wiele innych), jak i zagranicznych, realizacja tego typu projekt\u00f3w przyczynia si\u0119 do zmiany percepcji i odniesie\u0144 odbiorc\u00f3w projektu, kt\u00f3rzy mog\u0105 je weryfikowa\u0107 i modyfikowa\u0107 przez pryzmat osobistych do\u015bwiadcze\u0144. Potwierdzaj\u0105 to r\u00f3wnie\u017c najnowsze badania prowadzone \u201eprzed\u201d i \u201epo\u201d \u015aDM w krajach b\u0119d\u0105cych ich organizatorem, a tak\u017ce w minionym roku w Polsce, kt\u00f3re wskazuj\u0105 na konieczno\u015b\u0107 budowania pozytywnego wizerunku Polski szczeg\u00f3lnie za wschodni\u0105 granic\u0105 naszej Ojczyzny, za pomoc\u0105 wszelkich dost\u0119pnych \u015brodk\u00f3w i metod. Ponadto, potwierdza to praktyka pos\u0142ugi Zgromadzenia \u2013 na ziemiach dawnej Polski, a dzi\u015b Ukrainy \u2013 w 100-letniej Jego historii. R\u00f3wnie\u017c fakt, \u017ce cz\u0142onkiniami Zgromadzenia jest ponad 50 obywatelek Ukrainy wskazuje na konieczno\u015b\u0107 w\u0142a\u015bciwego historycznego przekazu o wk\u0142adzie Polski w \u015bwiatowe dziedzictwo humanizmu i dialogu mi\u0119dzykulturowego, z kt\u00f3rym dotrzemy do nich samych, a tak\u017ce rodzin i \u015brodowisk, z kt\u00f3rych si\u0119 wywodz\u0105.<\/p>\n<p>Nasz projekt adresujemy do dw\u00f3ch grup.<\/p>\n<p>Pierwsz\u0105 &#8211; s\u0105 mieszka\u0144cy Ukrainy szczeg\u00f3lnie ci, kt\u00f3rzy na co dzie\u0144 korzystaj\u0105 z pos\u0142ugi Zgromadzenia w dwunastu miejscowo\u015bciach (np.: praca opieku\u0144czo wychowawcza w domach dziecka \u2013 Bi\u0142horija; praca katechetyczna \u2013 Bar, obj\u0119ty wojn\u0105 \u0141uga\u0144sk, Derebczyn, Szarogr\u00f3d; edukacyjna i dydaktyczna \u2013 Wo\u0142oczysk, \u017bmerynka; charytatywna &#8211; daleki Izmai\u0142; administracyjna \u2013 Kamieniec Podolski, \u0141uck;), a tak\u017ce obywatele tego kraju, do kt\u00f3rego chcemy dotrze\u0107 za pomoc\u0105 wszystkich dost\u0119pnych medi\u00f3w ukazuj\u0105c wk\u0142ad Za\u0142o\u017cycielki i Zgromadzenia na przestrzeni stu lat w przemian\u0119 ich mentalno\u015bci, ukazywanie szerokiego spectrum humanistycznego, kt\u00f3rego przez lata byli pozbawieni. Wskazuj\u0105c na wsp\u00f3lne dziedzictwo historyczne, pragniemy ukaza\u0107 mosty ponad podzia\u0142ami, kt\u00f3rych budowniczymi by\u0142a Za\u0142o\u017cycielka, Jadwiga Kulesza i kolejne pokolenia Si\u00f3str. Planujemy dotrze\u0107 do grupy 5000 os\u00f3b w miejscach pos\u0142ugiwania (wystawa, publikacje), symbolicznie pocz\u0105wszy od uroczysto\u015bci w Bia\u0142ej Cerkwi ko\u0142o Kijowa (11.07.2017), a tak\u017ce za pomoc\u0105 medi\u00f3w wirtualnych pozwoli im zmieni\u0107 dotychczasowe &#8211; stereotypowe postrzeganie Polski i Polak\u00f3w oraz promowa\u0107 projekt buduj\u0105c tym samym Mark\u0119 Polska.<\/p>\n<p>Drug\u0105 grup\u0119 stanowi\u0105 Polacy w kraju zamieszkania. Im dedykujemy spojrzenie na 100-letni\u0105 histori\u0119 Zgromadzenia, kt\u00f3re dzi\u015b pos\u0142uguje w wielu miastach Polski i \u015bwiata. Za pomoc\u0105 okoliczno\u015bciowej wystawy i publikacji, uroczysto\u015bci jubileuszowych organizowanych w 2017 reporta\u017cu, medi\u00f3w wirtualnych i lokalnych oraz wydarzenia Lednicy (gdzie ludziom m\u0142odym b\u0119dzie ukazany przyk\u0142ad heroicznej postawy naszej Za\u0142o\u017cycielki) chcemy dotrze\u0107 do wielu tysi\u0119cy os\u00f3b, kt\u00f3re pomog\u0105 nam budowa\u0107 mosty mi\u0119dzy narodami promuj\u0105c zarazem Mark\u0119 Polska.[\/vc_column_text][\/vc_column][\/vc_row]<\/p>\n","protected":false},"excerpt":{"rendered":"<p>[vc_row full_width=&#8221;stretch_row_content_no_spaces&#8221;][vc_column][vc_single_image image=&#8221;176&#8243; img_size=&#8221;full&#8221; alignment=&#8221;center&#8221;][\/vc_column][\/vc_row][vc_row][vc_column][vc_column_text] O PROJEKCIE [\/vc_column_text][vc_column_text]Polskie tradycje s\u0105 piel\u0119gnowane &#8211; opr\u00f3cz Ameryki, Brazylii czy Ekwadoru &#8211; r\u00f3wnie\u017c w naszych 12 domach na Ukrainie, staj\u0105c<span class=\"excerpt-hellip\"> [\u2026]<\/span><\/p>\n","protected":false},"author":1,"featured_media":0,"parent":0,"menu_order":0,"comment_status":"closed","ping_status":"closed","template":"","meta":[],"_links":{"self":[{"href":"https:\/\/silawielkichpolakow.pl\/index.php\/wp-json\/wp\/v2\/pages\/62"}],"collection":[{"href":"https:\/\/silawielkichpolakow.pl\/index.php\/wp-json\/wp\/v2\/pages"}],"about":[{"href":"https:\/\/silawielkichpolakow.pl\/index.php\/wp-json\/wp\/v2\/types\/page"}],"author":[{"embeddable":true,"href":"https:\/\/silawielkichpolakow.pl\/index.php\/wp-json\/wp\/v2\/users\/1"}],"replies":[{"embeddable":true,"href":"https:\/\/silawielkichpolakow.pl\/index.php\/wp-json\/wp\/v2\/comments?post=62"}],"version-history":[{"count":6,"href":"https:\/\/silawielkichpolakow.pl\/index.php\/wp-json\/wp\/v2\/pages\/62\/revisions"}],"predecessor-version":[{"id":187,"href":"https:\/\/silawielkichpolakow.pl\/index.php\/wp-json\/wp\/v2\/pages\/62\/revisions\/187"}],"wp:attachment":[{"href":"https:\/\/silawielkichpolakow.pl\/index.php\/wp-json\/wp\/v2\/media?parent=62"}],"curies":[{"name":"wp","href":"https:\/\/api.w.org\/{rel}","templated":true}]}}